{"id":390,"date":"2024-02-07T20:48:27","date_gmt":"2024-02-07T20:48:27","guid":{"rendered":"https:\/\/hirenexova.com\/blog\/"},"modified":"2024-04-26T11:55:15","modified_gmt":"2024-04-26T11:55:15","slug":"blog","status":"publish","type":"page","link":"https:\/\/hirenexova.com\/es\/blog\/","title":{"rendered":"Blog"},"content":{"rendered":"\t\t<div data-elementor-type=\"wp-page\" data-elementor-id=\"390\" class=\"elementor elementor-390 elementor-159\" data-elementor-post-type=\"page\">\n\t\t\t\t<div class=\"elementor-element elementor-element-a6f20f4 e-flex e-con-boxed e-con e-parent\" data-id=\"a6f20f4\" data-element_type=\"container\" data-e-type=\"container\" data-settings=\"{&quot;background_background&quot;:&quot;classic&quot;}\">\n\t\t\t\t\t<div class=\"e-con-inner\">\n\t\t<div class=\"elementor-element elementor-element-68505547 e-con-full e-flex e-con e-child\" data-id=\"68505547\" data-element_type=\"container\" data-e-type=\"container\">\n\t\t\t\t<div class=\"elementor-element elementor-element-781f0ec2 elementor-widget elementor-widget-heading\" data-id=\"781f0ec2\" data-element_type=\"widget\" data-e-type=\"widget\" data-widget_type=\"heading.default\">\n\t\t\t\t<div class=\"elementor-widget-container\">\n\t\t\t\t\t<h1 class=\"elementor-heading-title elementor-size-default\">El futuro del trabajo<\/h1>\t\t\t\t<\/div>\n\t\t\t\t<\/div>\n\t\t\t\t<\/div>\n\t\t\t\t\t<\/div>\n\t\t\t\t<\/div>\n\t\t<div class=\"elementor-element elementor-element-294a56d8 e-flex e-con-boxed e-con e-parent\" data-id=\"294a56d8\" data-element_type=\"container\" data-e-type=\"container\">\n\t\t\t\t\t<div class=\"e-con-inner\">\n\t\t\t\t<div class=\"elementor-element elementor-element-218d0d06 elementor-posts__hover-none elementor-grid-2 elementor-grid-tablet-2 elementor-grid-mobile-1 elementor-posts--thumbnail-top elementor-widget elementor-widget-posts\" data-id=\"218d0d06\" data-element_type=\"widget\" data-e-type=\"widget\" data-settings=\"{&quot;cards_row_gap&quot;:{&quot;unit&quot;:&quot;px&quot;,&quot;size&quot;:80,&quot;sizes&quot;:[]},&quot;cards_row_gap_tablet&quot;:{&quot;unit&quot;:&quot;px&quot;,&quot;size&quot;:71,&quot;sizes&quot;:[]},&quot;cards_row_gap_mobile&quot;:{&quot;unit&quot;:&quot;px&quot;,&quot;size&quot;:30,&quot;sizes&quot;:[]},&quot;cards_columns&quot;:&quot;2&quot;,&quot;cards_columns_tablet&quot;:&quot;2&quot;,&quot;cards_columns_mobile&quot;:&quot;1&quot;}\" data-widget_type=\"posts.cards\">\n\t\t\t\t<div class=\"elementor-widget-container\">\n\t\t\t\t\t\t\t<div class=\"elementor-posts-container elementor-posts elementor-posts--skin-cards elementor-grid\" role=\"list\">\n\t\t\t\t<article class=\"elementor-post elementor-grid-item post-394 post type-post status-publish format-standard has-post-thumbnail hentry category-comunicacion\" role=\"listitem\">\n\t\t\t<div class=\"elementor-post__card\">\n\t\t\t\t<a class=\"elementor-post__thumbnail__link\" href=\"https:\/\/hirenexova.com\/es\/comunicacion\/5-estrategias-de-comunicacion-esenciales-para-equipos-remotos-efectivos\/\" tabindex=\"-1\" ><div class=\"elementor-post__thumbnail\"><img fetchpriority=\"high\" decoding=\"async\" width=\"2560\" height=\"1792\" src=\"https:\/\/hirenexova.com\/wp-content\/uploads\/2024\/02\/zoomtalks-scaled.jpg\" class=\"attachment-full size-full wp-image-373\" alt=\"\" srcset=\"https:\/\/hirenexova.com\/wp-content\/uploads\/2024\/02\/zoomtalks-scaled.jpg 2560w, https:\/\/hirenexova.com\/wp-content\/uploads\/2024\/02\/zoomtalks-300x210.jpg 300w, https:\/\/hirenexova.com\/wp-content\/uploads\/2024\/02\/zoomtalks-1024x717.jpg 1024w, https:\/\/hirenexova.com\/wp-content\/uploads\/2024\/02\/zoomtalks-768x538.jpg 768w, https:\/\/hirenexova.com\/wp-content\/uploads\/2024\/02\/zoomtalks-1536x1075.jpg 1536w, https:\/\/hirenexova.com\/wp-content\/uploads\/2024\/02\/zoomtalks-2048x1434.jpg 2048w\" sizes=\"(max-width: 2560px) 100vw, 2560px\" \/><\/div><\/a>\n\t\t\t\t<div class=\"elementor-post__text\">\n\t\t\t\t<h4 class=\"elementor-post__title\">\n\t\t\t<a href=\"https:\/\/hirenexova.com\/es\/comunicacion\/5-estrategias-de-comunicacion-esenciales-para-equipos-remotos-efectivos\/\" >\n\t\t\t\t5 Estrategias de Comunicaci\u00f3n Esenciales Para Equipos Remotos Efectivos\t\t\t<\/a>\n\t\t<\/h4>\n\t\t\t\t<div class=\"elementor-post__excerpt\">\n\t\t\t<p>En Nexova, comprendemos los desaf\u00edos y oportunidades de la colaboraci\u00f3n remota. A partir de nuestras experiencias, hemos desarrollado cinco estrategias esenciales para una colaboraci\u00f3n remota exitosa: la combinaci\u00f3n adecuada de herramientas, claridad, inclusividad e inteligencia emocional. La comunicaci\u00f3n efectiva es la columna vertebral de los equipos remotos exitosos en el<\/p>\n\t\t<\/div>\n\t\t\n\t\t<a class=\"elementor-post__read-more\" href=\"https:\/\/hirenexova.com\/es\/comunicacion\/5-estrategias-de-comunicacion-esenciales-para-equipos-remotos-efectivos\/\" aria-label=\"M\u00e1s informaci\u00f3n sobre 5 Estrategias de Comunicaci\u00f3n Esenciales Para Equipos Remotos Efectivos\" tabindex=\"-1\" >\n\t\t\tLeer m\u00e1s\t\t<\/a>\n\n\t\t\t\t<\/div>\n\t\t\t\t\t<\/div>\n\t\t<\/article>\n\t\t\t\t<article class=\"elementor-post elementor-grid-item post-396 post type-post status-publish format-standard has-post-thumbnail hentry category-comunicacion\" role=\"listitem\">\n\t\t\t<div class=\"elementor-post__card\">\n\t\t\t\t<a class=\"elementor-post__thumbnail__link\" href=\"https:\/\/hirenexova.com\/es\/comunicacion\/empoderando-equipos-remotos-a-traves-de-una-comunicacion-efectiva\/\" tabindex=\"-1\" ><div class=\"elementor-post__thumbnail\"><img decoding=\"async\" width=\"2560\" height=\"1707\" src=\"https:\/\/hirenexova.com\/wp-content\/uploads\/2023\/12\/remoteworking2-scaled.jpg\" class=\"attachment-full size-full wp-image-354\" alt=\"\" srcset=\"https:\/\/hirenexova.com\/wp-content\/uploads\/2023\/12\/remoteworking2-scaled.jpg 2560w, https:\/\/hirenexova.com\/wp-content\/uploads\/2023\/12\/remoteworking2-300x200.jpg 300w, https:\/\/hirenexova.com\/wp-content\/uploads\/2023\/12\/remoteworking2-1024x683.jpg 1024w, https:\/\/hirenexova.com\/wp-content\/uploads\/2023\/12\/remoteworking2-768x512.jpg 768w, https:\/\/hirenexova.com\/wp-content\/uploads\/2023\/12\/remoteworking2-1536x1024.jpg 1536w, https:\/\/hirenexova.com\/wp-content\/uploads\/2023\/12\/remoteworking2-2048x1365.jpg 2048w\" sizes=\"(max-width: 2560px) 100vw, 2560px\" \/><\/div><\/a>\n\t\t\t\t<div class=\"elementor-post__text\">\n\t\t\t\t<h4 class=\"elementor-post__title\">\n\t\t\t<a href=\"https:\/\/hirenexova.com\/es\/comunicacion\/empoderando-equipos-remotos-a-traves-de-una-comunicacion-efectiva\/\" >\n\t\t\t\tEmpoderando Equipos Remotos a trav\u00e9s de una Comunicaci\u00f3n Efectiva\t\t\t<\/a>\n\t\t<\/h4>\n\t\t\t\t<div class=\"elementor-post__excerpt\">\n\t\t\t<p>La comunicaci\u00f3n efectiva es la piedra angular de un equipo pr\u00f3spero en el cambiante paisaje del trabajo remoto. Trabajar en un espacio digital presenta su propio conjunto \u00fanico de desaf\u00edos. En Nexova, nos esforzamos para que el trabajo remoto se convierta en la norma en lugar de la excepci\u00f3n. Queremos<\/p>\n\t\t<\/div>\n\t\t\n\t\t<a class=\"elementor-post__read-more\" href=\"https:\/\/hirenexova.com\/es\/comunicacion\/empoderando-equipos-remotos-a-traves-de-una-comunicacion-efectiva\/\" aria-label=\"M\u00e1s informaci\u00f3n sobre Empoderando Equipos Remotos a trav\u00e9s de una Comunicaci\u00f3n Efectiva\" tabindex=\"-1\" >\n\t\t\tLeer m\u00e1s\t\t<\/a>\n\n\t\t\t\t<\/div>\n\t\t\t\t\t<\/div>\n\t\t<\/article>\n\t\t\t\t<article class=\"elementor-post elementor-grid-item post-400 post type-post status-publish format-standard has-post-thumbnail hentry category-marcos-de-trabajo\" role=\"listitem\">\n\t\t\t<div class=\"elementor-post__card\">\n\t\t\t\t<a class=\"elementor-post__thumbnail__link\" href=\"https:\/\/hirenexova.com\/es\/marcos-de-trabajo\/la-importancia-del-proceso-de-onboarding-para-generar-impacto\/\" tabindex=\"-1\" ><div class=\"elementor-post__thumbnail\"><img decoding=\"async\" width=\"2560\" height=\"1707\" src=\"https:\/\/hirenexova.com\/wp-content\/uploads\/2023\/12\/officeimage1-scaled.jpg\" class=\"attachment-full size-full wp-image-356\" alt=\"\" srcset=\"https:\/\/hirenexova.com\/wp-content\/uploads\/2023\/12\/officeimage1-scaled.jpg 2560w, https:\/\/hirenexova.com\/wp-content\/uploads\/2023\/12\/officeimage1-300x200.jpg 300w, https:\/\/hirenexova.com\/wp-content\/uploads\/2023\/12\/officeimage1-1024x683.jpg 1024w, https:\/\/hirenexova.com\/wp-content\/uploads\/2023\/12\/officeimage1-768x512.jpg 768w, https:\/\/hirenexova.com\/wp-content\/uploads\/2023\/12\/officeimage1-1536x1024.jpg 1536w, https:\/\/hirenexova.com\/wp-content\/uploads\/2023\/12\/officeimage1-2048x1365.jpg 2048w\" sizes=\"(max-width: 2560px) 100vw, 2560px\" \/><\/div><\/a>\n\t\t\t\t<div class=\"elementor-post__text\">\n\t\t\t\t<h4 class=\"elementor-post__title\">\n\t\t\t<a href=\"https:\/\/hirenexova.com\/es\/marcos-de-trabajo\/la-importancia-del-proceso-de-onboarding-para-generar-impacto\/\" >\n\t\t\t\tLa Importancia del proceso de onboarding para generar impacto\t\t\t<\/a>\n\t\t<\/h4>\n\t\t\t\t<div class=\"elementor-post__excerpt\">\n\t\t\t<p>\u00a1Bienvenido a la revoluci\u00f3n del onboarding! Si eres l\u00edder de recursos humanos, director o embajador de cultura, sabes que los primeros cinco d\u00edas de incorporaci\u00f3n pueden marcar el tono para el \u00e9xito a largo plazo. Esta lectura de 3 minutos explorar\u00e1 por qu\u00e9 estos d\u00edas iniciales son importantes y c\u00f3mo<\/p>\n\t\t<\/div>\n\t\t\n\t\t<a class=\"elementor-post__read-more\" href=\"https:\/\/hirenexova.com\/es\/marcos-de-trabajo\/la-importancia-del-proceso-de-onboarding-para-generar-impacto\/\" aria-label=\"M\u00e1s informaci\u00f3n sobre La Importancia del proceso de onboarding para generar impacto\" tabindex=\"-1\" >\n\t\t\tLeer m\u00e1s\t\t<\/a>\n\n\t\t\t\t<\/div>\n\t\t\t\t\t<\/div>\n\t\t<\/article>\n\t\t\t\t<\/div>\n\t\t\n\t\t\t\t\t\t<\/div>\n\t\t\t\t<\/div>\n\t\t\t\t\t<\/div>\n\t\t\t\t<\/div>\n\t\t<div class=\"elementor-element elementor-element-16bb30f e-flex e-con-boxed e-con e-parent\" data-id=\"16bb30f\" data-element_type=\"container\" data-e-type=\"container\" data-settings=\"{&quot;background_background&quot;:&quot;classic&quot;}\">\n\t\t\t\t\t<div class=\"e-con-inner\">\n\t\t\t\t<div class=\"elementor-element elementor-element-0237a0d elementor-widget elementor-widget-heading\" data-id=\"0237a0d\" data-element_type=\"widget\" data-e-type=\"widget\" data-widget_type=\"heading.default\">\n\t\t\t\t<div class=\"elementor-widget-container\">\n\t\t\t\t\t<h2 class=\"elementor-heading-title elementor-size-default\">D\u00e9janos ayudarte<\/h2>\t\t\t\t<\/div>\n\t\t\t\t<\/div>\n\t\t\t\t<div class=\"elementor-element elementor-element-35fcbe4 elementor-widget elementor-widget-text-editor\" data-id=\"35fcbe4\" data-element_type=\"widget\" data-e-type=\"widget\" data-widget_type=\"text-editor.default\">\n\t\t\t\t<div class=\"elementor-widget-container\">\n\t\t\t\t\t\t\t\t\t<p>Reserva una llamada gratuita para aprender m\u00e1s sobre nuestros servicios y c\u00f3mo podemos ayudar a tu organizaci\u00f3n a navegar los desaf\u00edos operativos. <\/p>\n\t\t\t\t\t\t\t\t<\/div>\n\t\t\t\t<\/div>\n\t\t\t\t<div class=\"elementor-element elementor-element-420dbee elementor-align-center elementor-widget elementor-widget-button\" data-id=\"420dbee\" data-element_type=\"widget\" data-e-type=\"widget\" data-widget_type=\"button.default\">\n\t\t\t\t<div class=\"elementor-widget-container\">\n\t\t\t\t\t\t\t\t\t<div class=\"elementor-button-wrapper\">\n\t\t\t\t\t<a class=\"elementor-button elementor-button-link elementor-size-sm\" href=\"https:\/\/meet.brevo.com\/hirenexova\/introcall\" target=\"_blank\">\n\t\t\t\t\t\t<span class=\"elementor-button-content-wrapper\">\n\t\t\t\t\t\t\t\t\t<span class=\"elementor-button-text\">\u00a1Hablemos!<\/span>\n\t\t\t\t\t<\/span>\n\t\t\t\t\t<\/a>\n\t\t\t\t<\/div>\n\t\t\t\t\t\t\t\t<\/div>\n\t\t\t\t<\/div>\n\t\t\t\t\t<\/div>\n\t\t\t\t<\/div>\n\t\t\t\t<\/div>\n\t\t","protected":false},"excerpt":{"rendered":"<p>El futuro del trabajo D\u00e9janos ayudarte Reserva una llamada gratuita para aprender m\u00e1s sobre nuestros servicios y c\u00f3mo podemos ayudar a tu organizaci\u00f3n a navegar los desaf\u00edos operativos. \u00a1Hablemos!<\/p>\n","protected":false},"author":1,"featured_media":0,"parent":0,"menu_order":0,"comment_status":"closed","ping_status":"closed","template":"elementor_header_footer","meta":{"_mo_disable_npp":"","footnotes":""},"class_list":["post-390","page","type-page","status-publish","hentry"],"yoast_head":"<!-- This site is optimized with the Yoast SEO plugin v27.6 - https:\/\/yoast.com\/product\/yoast-seo-wordpress\/ -->\n<title>Blog - Nexova<\/title>\n<meta name=\"robots\" content=\"index, follow, max-snippet:-1, max-image-preview:large, max-video-preview:-1\" \/>\n<link rel=\"canonical\" href=\"https:\/\/hirenexova.com\/es\/blog\/\" \/>\n<meta property=\"og:locale\" content=\"es_ES\" \/>\n<meta property=\"og:type\" content=\"article\" \/>\n<meta property=\"og:title\" content=\"Blog - Nexova\" \/>\n<meta property=\"og:description\" content=\"El futuro del trabajo D\u00e9janos ayudarte Reserva una llamada gratuita para aprender m\u00e1s sobre nuestros servicios y c\u00f3mo podemos ayudar a tu organizaci\u00f3n a navegar los desaf\u00edos operativos. \u00a1Hablemos!\" \/>\n<meta property=\"og:url\" content=\"https:\/\/hirenexova.com\/es\/blog\/\" \/>\n<meta property=\"og:site_name\" content=\"Nexova\" \/>\n<meta property=\"article:modified_time\" content=\"2024-04-26T11:55:15+00:00\" \/>\n<meta name=\"twitter:card\" content=\"summary_large_image\" \/>\n<script type=\"application\/ld+json\" class=\"yoast-schema-graph\">{\"@context\":\"https:\\\/\\\/schema.org\",\"@graph\":[{\"@type\":\"WebPage\",\"@id\":\"https:\\\/\\\/hirenexova.com\\\/es\\\/blog\\\/\",\"url\":\"https:\\\/\\\/hirenexova.com\\\/es\\\/blog\\\/\",\"name\":\"Blog - Nexova\",\"isPartOf\":{\"@id\":\"https:\\\/\\\/hirenexova.com\\\/es\\\/#website\"},\"datePublished\":\"2024-02-07T20:48:27+00:00\",\"dateModified\":\"2024-04-26T11:55:15+00:00\",\"breadcrumb\":{\"@id\":\"https:\\\/\\\/hirenexova.com\\\/es\\\/blog\\\/#breadcrumb\"},\"inLanguage\":\"es\",\"potentialAction\":[{\"@type\":\"ReadAction\",\"target\":[\"https:\\\/\\\/hirenexova.com\\\/es\\\/blog\\\/\"]}]},{\"@type\":\"BreadcrumbList\",\"@id\":\"https:\\\/\\\/hirenexova.com\\\/es\\\/blog\\\/#breadcrumb\",\"itemListElement\":[{\"@type\":\"ListItem\",\"position\":1,\"name\":\"Home\",\"item\":\"https:\\\/\\\/hirenexova.com\\\/es\\\/nexova-empodera-tu-equipo\\\/\"},{\"@type\":\"ListItem\",\"position\":2,\"name\":\"Blog\"}]},{\"@type\":\"WebSite\",\"@id\":\"https:\\\/\\\/hirenexova.com\\\/es\\\/#website\",\"url\":\"https:\\\/\\\/hirenexova.com\\\/es\\\/\",\"name\":\"Nexova\",\"description\":\"Remote and hybrid frameworks for your team\",\"publisher\":{\"@id\":\"https:\\\/\\\/hirenexova.com\\\/es\\\/#organization\"},\"potentialAction\":[{\"@type\":\"SearchAction\",\"target\":{\"@type\":\"EntryPoint\",\"urlTemplate\":\"https:\\\/\\\/hirenexova.com\\\/es\\\/?s={search_term_string}\"},\"query-input\":{\"@type\":\"PropertyValueSpecification\",\"valueRequired\":true,\"valueName\":\"search_term_string\"}}],\"inLanguage\":\"es\"},{\"@type\":\"Organization\",\"@id\":\"https:\\\/\\\/hirenexova.com\\\/es\\\/#organization\",\"name\":\"Nexova\",\"url\":\"https:\\\/\\\/hirenexova.com\\\/es\\\/\",\"logo\":{\"@type\":\"ImageObject\",\"inLanguage\":\"es\",\"@id\":\"https:\\\/\\\/hirenexova.com\\\/es\\\/#\\\/schema\\\/logo\\\/image\\\/\",\"url\":\"https:\\\/\\\/hirenexova.com\\\/wp-content\\\/uploads\\\/2024\\\/02\\\/Nexovalogo.png\",\"contentUrl\":\"https:\\\/\\\/hirenexova.com\\\/wp-content\\\/uploads\\\/2024\\\/02\\\/Nexovalogo.png\",\"width\":891,\"height\":144,\"caption\":\"Nexova\"},\"image\":{\"@id\":\"https:\\\/\\\/hirenexova.com\\\/es\\\/#\\\/schema\\\/logo\\\/image\\\/\"},\"sameAs\":[\"https:\\\/\\\/www.linkedin.com\\\/company\\\/hirenexova\\\/\"]}]}<\/script>\n<!-- \/ Yoast SEO plugin. -->","yoast_head_json":{"title":"Blog - Nexova","robots":{"index":"index","follow":"follow","max-snippet":"max-snippet:-1","max-image-preview":"max-image-preview:large","max-video-preview":"max-video-preview:-1"},"canonical":"https:\/\/hirenexova.com\/es\/blog\/","og_locale":"es_ES","og_type":"article","og_title":"Blog - Nexova","og_description":"El futuro del trabajo D\u00e9janos ayudarte Reserva una llamada gratuita para aprender m\u00e1s sobre nuestros servicios y c\u00f3mo podemos ayudar a tu organizaci\u00f3n a navegar los desaf\u00edos operativos. \u00a1Hablemos!","og_url":"https:\/\/hirenexova.com\/es\/blog\/","og_site_name":"Nexova","article_modified_time":"2024-04-26T11:55:15+00:00","twitter_card":"summary_large_image","schema":{"@context":"https:\/\/schema.org","@graph":[{"@type":"WebPage","@id":"https:\/\/hirenexova.com\/es\/blog\/","url":"https:\/\/hirenexova.com\/es\/blog\/","name":"Blog - Nexova","isPartOf":{"@id":"https:\/\/hirenexova.com\/es\/#website"},"datePublished":"2024-02-07T20:48:27+00:00","dateModified":"2024-04-26T11:55:15+00:00","breadcrumb":{"@id":"https:\/\/hirenexova.com\/es\/blog\/#breadcrumb"},"inLanguage":"es","potentialAction":[{"@type":"ReadAction","target":["https:\/\/hirenexova.com\/es\/blog\/"]}]},{"@type":"BreadcrumbList","@id":"https:\/\/hirenexova.com\/es\/blog\/#breadcrumb","itemListElement":[{"@type":"ListItem","position":1,"name":"Home","item":"https:\/\/hirenexova.com\/es\/nexova-empodera-tu-equipo\/"},{"@type":"ListItem","position":2,"name":"Blog"}]},{"@type":"WebSite","@id":"https:\/\/hirenexova.com\/es\/#website","url":"https:\/\/hirenexova.com\/es\/","name":"Nexova","description":"Remote and hybrid frameworks for your team","publisher":{"@id":"https:\/\/hirenexova.com\/es\/#organization"},"potentialAction":[{"@type":"SearchAction","target":{"@type":"EntryPoint","urlTemplate":"https:\/\/hirenexova.com\/es\/?s={search_term_string}"},"query-input":{"@type":"PropertyValueSpecification","valueRequired":true,"valueName":"search_term_string"}}],"inLanguage":"es"},{"@type":"Organization","@id":"https:\/\/hirenexova.com\/es\/#organization","name":"Nexova","url":"https:\/\/hirenexova.com\/es\/","logo":{"@type":"ImageObject","inLanguage":"es","@id":"https:\/\/hirenexova.com\/es\/#\/schema\/logo\/image\/","url":"https:\/\/hirenexova.com\/wp-content\/uploads\/2024\/02\/Nexovalogo.png","contentUrl":"https:\/\/hirenexova.com\/wp-content\/uploads\/2024\/02\/Nexovalogo.png","width":891,"height":144,"caption":"Nexova"},"image":{"@id":"https:\/\/hirenexova.com\/es\/#\/schema\/logo\/image\/"},"sameAs":["https:\/\/www.linkedin.com\/company\/hirenexova\/"]}]}},"_links":{"self":[{"href":"https:\/\/hirenexova.com\/es\/wp-json\/wp\/v2\/pages\/390","targetHints":{"allow":["GET"]}}],"collection":[{"href":"https:\/\/hirenexova.com\/es\/wp-json\/wp\/v2\/pages"}],"about":[{"href":"https:\/\/hirenexova.com\/es\/wp-json\/wp\/v2\/types\/page"}],"author":[{"embeddable":true,"href":"https:\/\/hirenexova.com\/es\/wp-json\/wp\/v2\/users\/1"}],"replies":[{"embeddable":true,"href":"https:\/\/hirenexova.com\/es\/wp-json\/wp\/v2\/comments?post=390"}],"version-history":[{"count":3,"href":"https:\/\/hirenexova.com\/es\/wp-json\/wp\/v2\/pages\/390\/revisions"}],"predecessor-version":[{"id":393,"href":"https:\/\/hirenexova.com\/es\/wp-json\/wp\/v2\/pages\/390\/revisions\/393"}],"wp:attachment":[{"href":"https:\/\/hirenexova.com\/es\/wp-json\/wp\/v2\/media?parent=390"}],"curies":[{"name":"wp","href":"https:\/\/api.w.org\/{rel}","templated":true}]}}