{"id":386,"date":"2024-03-07T06:50:59","date_gmt":"2024-03-07T06:50:59","guid":{"rendered":"https:\/\/hirenexova.com\/plantilla-de-onboarding\/"},"modified":"2024-04-30T10:20:04","modified_gmt":"2024-04-30T10:20:04","slug":"plantilla-de-onboarding","status":"publish","type":"page","link":"https:\/\/hirenexova.com\/es\/plantilla-de-onboarding\/","title":{"rendered":"Plantilla de Onboarding"},"content":{"rendered":"\t\t<div data-elementor-type=\"wp-page\" data-elementor-id=\"386\" class=\"elementor elementor-386 elementor-269\" data-elementor-post-type=\"page\">\n\t\t\t\t<div class=\"elementor-element elementor-element-bc01c6b e-flex e-con-boxed e-con e-parent\" data-id=\"bc01c6b\" data-element_type=\"container\" data-e-type=\"container\" data-settings=\"{&quot;background_background&quot;:&quot;classic&quot;}\">\n\t\t\t\t\t<div class=\"e-con-inner\">\n\t\t<div class=\"elementor-element elementor-element-1dff3dd e-con-full e-flex e-con e-child\" data-id=\"1dff3dd\" data-element_type=\"container\" data-e-type=\"container\">\n\t\t\t\t<div class=\"elementor-element elementor-element-11f831c elementor-widget elementor-widget-heading\" data-id=\"11f831c\" data-element_type=\"widget\" data-e-type=\"widget\" data-widget_type=\"heading.default\">\n\t\t\t\t<div class=\"elementor-widget-container\">\n\t\t\t\t\t<h2 class=\"elementor-heading-title elementor-size-default\">Descarga nuestra nueva gu\u00eda: <u>Plantilla de Onboarding<\/u> de cinco d\u00edas<\/h2>\t\t\t\t<\/div>\n\t\t\t\t<\/div>\n\t\t\t\t<div class=\"elementor-element elementor-element-ac1fbd1 elementor-widget elementor-widget-text-editor\" data-id=\"ac1fbd1\" data-element_type=\"widget\" data-e-type=\"widget\" data-widget_type=\"text-editor.default\">\n\t\t\t\t<div class=\"elementor-widget-container\">\n\t\t\t\t\t\t\t\t\t<p>Desbloquea las primeras claves para una integraci\u00f3n de nuevos empleados sin contratiempos con esta plantilla de onboarding de cinco d\u00edas. Ya sea que tengas un nuevo miembro en el equipo o uno que est\u00e9 haciendo la transici\u00f3n a un nuevo rol, nuestra gu\u00eda te ayuda a navegar el proceso de integraci\u00f3n de manera fluida. <\/p>\n<p>Mejora la experiencia de onboading de tu equipo.<\/p>\n\t\t\t\t\t\t\t\t<\/div>\n\t\t\t\t<\/div>\n\t\t\t\t<\/div>\n\t\t<div class=\"elementor-element elementor-element-16449b6 e-con-full e-flex e-con e-child\" data-id=\"16449b6\" data-element_type=\"container\" data-e-type=\"container\">\n\t\t\t\t<div class=\"elementor-element elementor-element-729e2e8 elementor-widget elementor-widget-image\" data-id=\"729e2e8\" data-element_type=\"widget\" data-e-type=\"widget\" data-widget_type=\"image.default\">\n\t\t\t\t<div class=\"elementor-widget-container\">\n\t\t\t\t\t\t\t\t\t\t\t\t\t\t\t<img decoding=\"async\" src=\"https:\/\/hirenexova.com\/wp-content\/uploads\/2024\/02\/Cross.png\" title=\"Cross\" alt=\"Cross\" loading=\"lazy\" \/>\t\t\t\t\t\t\t\t\t\t\t\t\t\t\t<\/div>\n\t\t\t\t<\/div>\n\t\t\t\t<\/div>\n\t\t<div class=\"elementor-element elementor-element-f8f541e e-con-full e-flex e-con e-child\" data-id=\"f8f541e\" data-element_type=\"container\" data-e-type=\"container\">\n\t\t\t\t<div class=\"elementor-element elementor-element-5292631 elementor-button-align-stretch elementor-widget elementor-widget-form\" data-id=\"5292631\" data-element_type=\"widget\" data-e-type=\"widget\" data-settings=\"{&quot;button_width&quot;:&quot;20&quot;,&quot;step_next_label&quot;:&quot;Siguiente&quot;,&quot;step_previous_label&quot;:&quot;Anterior&quot;,&quot;step_type&quot;:&quot;number_text&quot;,&quot;step_icon_shape&quot;:&quot;circle&quot;}\" data-widget_type=\"form.default\">\n\t\t\t\t<div class=\"elementor-widget-container\">\n\t\t\t\t\t\t\t<form class=\"elementor-form\" method=\"post\" name=\"Nuevo formulario\" aria-label=\"Nuevo formulario\">\n\t\t\t<input type=\"hidden\" name=\"post_id\" value=\"386\"\/>\n\t\t\t<input type=\"hidden\" name=\"form_id\" value=\"5292631\"\/>\n\t\t\t<input type=\"hidden\" name=\"referer_title\" value=\"Plantilla de Onboarding - Nexova\" \/>\n\n\t\t\t\t\t\t\t<input type=\"hidden\" name=\"queried_id\" value=\"386\"\/>\n\t\t\t\n\t\t\t<div class=\"elementor-form-fields-wrapper elementor-labels-above\">\n\t\t\t\t\t\t\t\t<div class=\"elementor-field-type-text elementor-field-group elementor-column elementor-field-group-first_name elementor-col-30\">\n\t\t\t\t\t\t\t\t\t\t\t\t\t<input size=\"1\" type=\"text\" name=\"form_fields[first_name]\" id=\"form-field-first_name\" class=\"elementor-field elementor-size-sm  elementor-field-textual\" placeholder=\"Nombre\">\n\t\t\t\t\t\t\t\t\t\t\t<\/div>\n\t\t\t\t\t\t\t\t<div class=\"elementor-field-type-email elementor-field-group elementor-column elementor-field-group-email elementor-col-50 elementor-field-required\">\n\t\t\t\t\t\t\t\t\t\t\t\t\t<input size=\"1\" type=\"email\" name=\"form_fields[email]\" id=\"form-field-email\" class=\"elementor-field elementor-size-sm  elementor-field-textual\" placeholder=\"Email\" required=\"required\">\n\t\t\t\t\t\t\t\t\t\t\t<\/div>\n\t\t\t\t\t\t\t\t<div class=\"elementor-field-group elementor-column elementor-field-type-submit elementor-col-20 e-form__buttons\">\n\t\t\t\t\t<button class=\"elementor-button elementor-size-sm\" type=\"submit\">\n\t\t\t\t\t\t<span class=\"elementor-button-content-wrapper\">\n\t\t\t\t\t\t\t\t\t\t\t\t\t\t\t\t\t\t\t\t\t\t<span class=\"elementor-button-text\">\u00a1Cons\u00edguelo ahora!<\/span>\n\t\t\t\t\t\t\t\t\t\t\t\t\t<\/span>\n\t\t\t\t\t<\/button>\n\t\t\t\t<\/div>\n\t\t\t<\/div>\n\t\t<\/form>\n\t\t\t\t\t\t<\/div>\n\t\t\t\t<\/div>\n\t\t\t\t<\/div>\n\t\t\t\t\t<\/div>\n\t\t\t\t<\/div>\n\t\t\t\t<\/div>\n\t\t","protected":false},"excerpt":{"rendered":"<p>Descarga nuestra nueva gu\u00eda: Plantilla de Onboarding de cinco d\u00edas Desbloquea las primeras claves para una integraci\u00f3n de nuevos empleados sin contratiempos con esta plantilla de onboarding de cinco d\u00edas. Ya sea que tengas un nuevo miembro en el equipo o uno que est\u00e9 haciendo la transici\u00f3n a un nuevo rol, nuestra gu\u00eda te ayuda [&hellip;]<\/p>\n","protected":false},"author":1,"featured_media":0,"parent":0,"menu_order":0,"comment_status":"closed","ping_status":"closed","template":"elementor_header_footer","meta":{"_mo_disable_npp":"","footnotes":""},"class_list":["post-386","page","type-page","status-publish","hentry"],"yoast_head":"<!-- This site is optimized with the Yoast SEO plugin v27.4 - https:\/\/yoast.com\/product\/yoast-seo-wordpress\/ -->\n<title>Plantilla de Onboarding - Nexova<\/title>\n<meta name=\"robots\" content=\"index, follow, max-snippet:-1, max-image-preview:large, max-video-preview:-1\" \/>\n<link rel=\"canonical\" href=\"https:\/\/hirenexova.com\/es\/plantilla-de-onboarding\/\" \/>\n<meta property=\"og:locale\" content=\"es_ES\" \/>\n<meta property=\"og:type\" content=\"article\" \/>\n<meta property=\"og:title\" content=\"Plantilla de Onboarding - Nexova\" \/>\n<meta property=\"og:description\" content=\"Descarga nuestra nueva gu\u00eda: Plantilla de Onboarding de cinco d\u00edas Desbloquea las primeras claves para una integraci\u00f3n de nuevos empleados sin contratiempos con esta plantilla de onboarding de cinco d\u00edas. Ya sea que tengas un nuevo miembro en el equipo o uno que est\u00e9 haciendo la transici\u00f3n a un nuevo rol, nuestra gu\u00eda te ayuda [&hellip;]\" \/>\n<meta property=\"og:url\" content=\"https:\/\/hirenexova.com\/es\/plantilla-de-onboarding\/\" \/>\n<meta property=\"og:site_name\" content=\"Nexova\" \/>\n<meta property=\"article:modified_time\" content=\"2024-04-30T10:20:04+00:00\" \/>\n<meta property=\"og:image\" content=\"https:\/\/hirenexova.com\/wp-content\/uploads\/2024\/02\/Cross.png\" \/>\n<meta name=\"twitter:card\" content=\"summary_large_image\" \/>\n<meta name=\"twitter:label1\" content=\"Tiempo de lectura\" \/>\n\t<meta name=\"twitter:data1\" content=\"1 minuto\" \/>\n<script type=\"application\/ld+json\" class=\"yoast-schema-graph\">{\"@context\":\"https:\\\/\\\/schema.org\",\"@graph\":[{\"@type\":\"WebPage\",\"@id\":\"https:\\\/\\\/hirenexova.com\\\/es\\\/plantilla-de-onboarding\\\/\",\"url\":\"https:\\\/\\\/hirenexova.com\\\/es\\\/plantilla-de-onboarding\\\/\",\"name\":\"Plantilla de Onboarding - Nexova\",\"isPartOf\":{\"@id\":\"https:\\\/\\\/hirenexova.com\\\/es\\\/#website\"},\"primaryImageOfPage\":{\"@id\":\"https:\\\/\\\/hirenexova.com\\\/es\\\/plantilla-de-onboarding\\\/#primaryimage\"},\"image\":{\"@id\":\"https:\\\/\\\/hirenexova.com\\\/es\\\/plantilla-de-onboarding\\\/#primaryimage\"},\"thumbnailUrl\":\"https:\\\/\\\/hirenexova.com\\\/wp-content\\\/uploads\\\/2024\\\/02\\\/Cross.png\",\"datePublished\":\"2024-03-07T06:50:59+00:00\",\"dateModified\":\"2024-04-30T10:20:04+00:00\",\"breadcrumb\":{\"@id\":\"https:\\\/\\\/hirenexova.com\\\/es\\\/plantilla-de-onboarding\\\/#breadcrumb\"},\"inLanguage\":\"es\",\"potentialAction\":[{\"@type\":\"ReadAction\",\"target\":[\"https:\\\/\\\/hirenexova.com\\\/es\\\/plantilla-de-onboarding\\\/\"]}]},{\"@type\":\"ImageObject\",\"inLanguage\":\"es\",\"@id\":\"https:\\\/\\\/hirenexova.com\\\/es\\\/plantilla-de-onboarding\\\/#primaryimage\",\"url\":\"https:\\\/\\\/hirenexova.com\\\/wp-content\\\/uploads\\\/2024\\\/02\\\/Cross.png\",\"contentUrl\":\"https:\\\/\\\/hirenexova.com\\\/wp-content\\\/uploads\\\/2024\\\/02\\\/Cross.png\"},{\"@type\":\"BreadcrumbList\",\"@id\":\"https:\\\/\\\/hirenexova.com\\\/es\\\/plantilla-de-onboarding\\\/#breadcrumb\",\"itemListElement\":[{\"@type\":\"ListItem\",\"position\":1,\"name\":\"Home\",\"item\":\"https:\\\/\\\/hirenexova.com\\\/es\\\/nexova-empodera-tu-equipo\\\/\"},{\"@type\":\"ListItem\",\"position\":2,\"name\":\"Plantilla de Onboarding\"}]},{\"@type\":\"WebSite\",\"@id\":\"https:\\\/\\\/hirenexova.com\\\/es\\\/#website\",\"url\":\"https:\\\/\\\/hirenexova.com\\\/es\\\/\",\"name\":\"Nexova\",\"description\":\"Remote and hybrid frameworks for your team\",\"publisher\":{\"@id\":\"https:\\\/\\\/hirenexova.com\\\/es\\\/#organization\"},\"potentialAction\":[{\"@type\":\"SearchAction\",\"target\":{\"@type\":\"EntryPoint\",\"urlTemplate\":\"https:\\\/\\\/hirenexova.com\\\/es\\\/?s={search_term_string}\"},\"query-input\":{\"@type\":\"PropertyValueSpecification\",\"valueRequired\":true,\"valueName\":\"search_term_string\"}}],\"inLanguage\":\"es\"},{\"@type\":\"Organization\",\"@id\":\"https:\\\/\\\/hirenexova.com\\\/es\\\/#organization\",\"name\":\"Nexova\",\"url\":\"https:\\\/\\\/hirenexova.com\\\/es\\\/\",\"logo\":{\"@type\":\"ImageObject\",\"inLanguage\":\"es\",\"@id\":\"https:\\\/\\\/hirenexova.com\\\/es\\\/#\\\/schema\\\/logo\\\/image\\\/\",\"url\":\"https:\\\/\\\/hirenexova.com\\\/wp-content\\\/uploads\\\/2024\\\/02\\\/Nexovalogo.png\",\"contentUrl\":\"https:\\\/\\\/hirenexova.com\\\/wp-content\\\/uploads\\\/2024\\\/02\\\/Nexovalogo.png\",\"width\":891,\"height\":144,\"caption\":\"Nexova\"},\"image\":{\"@id\":\"https:\\\/\\\/hirenexova.com\\\/es\\\/#\\\/schema\\\/logo\\\/image\\\/\"},\"sameAs\":[\"https:\\\/\\\/www.linkedin.com\\\/company\\\/hirenexova\\\/\"]}]}<\/script>\n<!-- \/ Yoast SEO plugin. -->","yoast_head_json":{"title":"Plantilla de Onboarding - Nexova","robots":{"index":"index","follow":"follow","max-snippet":"max-snippet:-1","max-image-preview":"max-image-preview:large","max-video-preview":"max-video-preview:-1"},"canonical":"https:\/\/hirenexova.com\/es\/plantilla-de-onboarding\/","og_locale":"es_ES","og_type":"article","og_title":"Plantilla de Onboarding - Nexova","og_description":"Descarga nuestra nueva gu\u00eda: Plantilla de Onboarding de cinco d\u00edas Desbloquea las primeras claves para una integraci\u00f3n de nuevos empleados sin contratiempos con esta plantilla de onboarding de cinco d\u00edas. Ya sea que tengas un nuevo miembro en el equipo o uno que est\u00e9 haciendo la transici\u00f3n a un nuevo rol, nuestra gu\u00eda te ayuda [&hellip;]","og_url":"https:\/\/hirenexova.com\/es\/plantilla-de-onboarding\/","og_site_name":"Nexova","article_modified_time":"2024-04-30T10:20:04+00:00","og_image":[{"url":"https:\/\/hirenexova.com\/wp-content\/uploads\/2024\/02\/Cross.png","type":"","width":"","height":""}],"twitter_card":"summary_large_image","twitter_misc":{"Tiempo de lectura":"1 minuto"},"schema":{"@context":"https:\/\/schema.org","@graph":[{"@type":"WebPage","@id":"https:\/\/hirenexova.com\/es\/plantilla-de-onboarding\/","url":"https:\/\/hirenexova.com\/es\/plantilla-de-onboarding\/","name":"Plantilla de Onboarding - Nexova","isPartOf":{"@id":"https:\/\/hirenexova.com\/es\/#website"},"primaryImageOfPage":{"@id":"https:\/\/hirenexova.com\/es\/plantilla-de-onboarding\/#primaryimage"},"image":{"@id":"https:\/\/hirenexova.com\/es\/plantilla-de-onboarding\/#primaryimage"},"thumbnailUrl":"https:\/\/hirenexova.com\/wp-content\/uploads\/2024\/02\/Cross.png","datePublished":"2024-03-07T06:50:59+00:00","dateModified":"2024-04-30T10:20:04+00:00","breadcrumb":{"@id":"https:\/\/hirenexova.com\/es\/plantilla-de-onboarding\/#breadcrumb"},"inLanguage":"es","potentialAction":[{"@type":"ReadAction","target":["https:\/\/hirenexova.com\/es\/plantilla-de-onboarding\/"]}]},{"@type":"ImageObject","inLanguage":"es","@id":"https:\/\/hirenexova.com\/es\/plantilla-de-onboarding\/#primaryimage","url":"https:\/\/hirenexova.com\/wp-content\/uploads\/2024\/02\/Cross.png","contentUrl":"https:\/\/hirenexova.com\/wp-content\/uploads\/2024\/02\/Cross.png"},{"@type":"BreadcrumbList","@id":"https:\/\/hirenexova.com\/es\/plantilla-de-onboarding\/#breadcrumb","itemListElement":[{"@type":"ListItem","position":1,"name":"Home","item":"https:\/\/hirenexova.com\/es\/nexova-empodera-tu-equipo\/"},{"@type":"ListItem","position":2,"name":"Plantilla de Onboarding"}]},{"@type":"WebSite","@id":"https:\/\/hirenexova.com\/es\/#website","url":"https:\/\/hirenexova.com\/es\/","name":"Nexova","description":"Remote and hybrid frameworks for your team","publisher":{"@id":"https:\/\/hirenexova.com\/es\/#organization"},"potentialAction":[{"@type":"SearchAction","target":{"@type":"EntryPoint","urlTemplate":"https:\/\/hirenexova.com\/es\/?s={search_term_string}"},"query-input":{"@type":"PropertyValueSpecification","valueRequired":true,"valueName":"search_term_string"}}],"inLanguage":"es"},{"@type":"Organization","@id":"https:\/\/hirenexova.com\/es\/#organization","name":"Nexova","url":"https:\/\/hirenexova.com\/es\/","logo":{"@type":"ImageObject","inLanguage":"es","@id":"https:\/\/hirenexova.com\/es\/#\/schema\/logo\/image\/","url":"https:\/\/hirenexova.com\/wp-content\/uploads\/2024\/02\/Nexovalogo.png","contentUrl":"https:\/\/hirenexova.com\/wp-content\/uploads\/2024\/02\/Nexovalogo.png","width":891,"height":144,"caption":"Nexova"},"image":{"@id":"https:\/\/hirenexova.com\/es\/#\/schema\/logo\/image\/"},"sameAs":["https:\/\/www.linkedin.com\/company\/hirenexova\/"]}]}},"_links":{"self":[{"href":"https:\/\/hirenexova.com\/es\/wp-json\/wp\/v2\/pages\/386","targetHints":{"allow":["GET"]}}],"collection":[{"href":"https:\/\/hirenexova.com\/es\/wp-json\/wp\/v2\/pages"}],"about":[{"href":"https:\/\/hirenexova.com\/es\/wp-json\/wp\/v2\/types\/page"}],"author":[{"embeddable":true,"href":"https:\/\/hirenexova.com\/es\/wp-json\/wp\/v2\/users\/1"}],"replies":[{"embeddable":true,"href":"https:\/\/hirenexova.com\/es\/wp-json\/wp\/v2\/comments?post=386"}],"version-history":[{"count":6,"href":"https:\/\/hirenexova.com\/es\/wp-json\/wp\/v2\/pages\/386\/revisions"}],"predecessor-version":[{"id":416,"href":"https:\/\/hirenexova.com\/es\/wp-json\/wp\/v2\/pages\/386\/revisions\/416"}],"wp:attachment":[{"href":"https:\/\/hirenexova.com\/es\/wp-json\/wp\/v2\/media?parent=386"}],"curies":[{"name":"wp","href":"https:\/\/api.w.org\/{rel}","templated":true}]}}